{"id":140,"date":"2024-08-18T07:25:43","date_gmt":"2024-08-18T07:25:43","guid":{"rendered":"https:\/\/lepakko.fi\/lepakot\/?page_id=140"},"modified":"2024-08-18T09:25:53","modified_gmt":"2024-08-18T09:25:53","slug":"lepakko-avun-tarpeessa","status":"publish","type":"page","link":"https:\/\/lepakko.fi\/lepakot\/index.php\/lepakko-avun-tarpeessa\/","title":{"rendered":"Lepakko avun tarpeessa"},"content":{"rendered":"\n<p><strong>Toimi n\u00e4in, jos olet l\u00f6yt\u00e4nyt lepakon, joka on mahdollisesti avun tarpeessa.<\/strong><\/p>\n\n\n\n<p><strong>1. Tilannearvio ja ensitoimet<\/strong><\/p>\n\n\n\n<p>Tarkastele lepakkoa ulkoisesti, siihen koskematta.<\/p>\n\n\n\n<p>\u00c4l\u00e4 h\u00e4t\u00e4ile. Joissakin tilanteissa voi riitt\u00e4\u00e4 pieni avustaminen kotikonstein. Niist\u00e4 kerrotaan lis\u00e4\u00e4 sivun loppuosassa.<\/p>\n\n\n\n<p>Esimerkkej\u00e4 tilanteita, joissa lepakko saattaa tarvita apua:<\/p>\n\n\n\n<ul class=\"wp-block-list\">\n<li>Maassa oleva lepakko.<\/li>\n\n\n\n<li>P\u00e4iv\u00e4saikaan n\u00e4k\u00f6s\u00e4ll\u00e4 (esim. sein\u00e4ll\u00e4) oleva lepakko saattaa tarvita apua.<\/li>\n\n\n\n<li>Yksin l\u00f6ytynyt poikanen (yleens\u00e4 hein\u00e4-elokuussa; karvaton, mokkapintainen tai lyhytkarvainen) saattaa tarvita apua.<\/li>\n\n\n\n<li>Sis\u00e4lle eksynyt lepakko, joka on mahdollisesti ollut jumissa (eli ilman vett\u00e4 ja ruokaa) jo pidemp\u00e4\u00e4n.<\/li>\n\n\n\n<li>Johonkin kiinni takertunut lepakko.<\/li>\n\n\n\n<li>Kissan tai koiran tuoma lepakko.<\/li>\n\n\n\n<li>Jos lepakolla jo ulkoisella tarkastelulla havaitaan heikko kunto tai vammoja (haavoja, murtumia, ruhjeita, verta).<\/li>\n<\/ul>\n\n\n\n<p>Jos suinkin mahdollista, ota lepakosta muutama valokuva tai video k\u00e4nnykk\u00e4kameralla. Ne auttavat luonnonvaraisten el\u00e4inten neuvojaa tilannearvion tekemisess\u00e4.<\/p>\n\n\n\n<p>Suojaa lepakko tarvittaessa heti tilanteen mukaan (esim. siirr\u00e4 kissat ja koirat muualle, ja suojaa lepakko suoralta auringonpaisteelta tai sateelta esim. sateenvarjolla tai nurin p\u00e4in olevalla laatikolla).<\/p>\n\n\n\n<p>Tilanteen mukaan voit my\u00f6s jo t\u00e4ss\u00e4 vaiheessa laittaa tarjolle vett\u00e4 lepakon vierelle. Voit esim. laittaa teelusikallisen vett\u00e4 matalalle t\u00f6lkinkannelle tai kastella puhtaan meikkisienen tai pesusienen palan ja asettaa sen sopivan alustan p\u00e4\u00e4lle.<\/p>\n\n\n\n<p><strong>2. Yhteyden ottaminen luonnonvaraisten el\u00e4inten hoitajaan<\/strong><\/p>\n\n\n\n<p>Ota puhelimitse yhteytt\u00e4 l\u00e4hialueen luonnonvaraisten el\u00e4inten neuvojaan tai hoitajaan. J\u00e4t\u00e4 tarvittaessa viesti (puhelinvastaajaan, tekstiviestin\u00e4 tai WhatsApp-viestin\u00e4, ohjeiden mukaan).<\/p>\n\n\n\n<p>Huomioi, ett\u00e4 luonnonel\u00e4inten hoitajat ovat yleens\u00e4 vapaaehtoisia yksityishenkil\u00f6it\u00e4. Ty\u00f6 tai levon tarve voi v\u00e4lill\u00e4 est\u00e4\u00e4 puhelimeen vastaamisen.<\/p>\n\n\n\n<p>Jos lepakko on pahasti loukkaantunut tai muuten nopean avun tarpeessa (esim. n\u00e4et k\u00e4rp\u00e4sentoukkia tai luunmurtumia), ota suoraan yhteytt\u00e4 alueen kunnalliseen tai p\u00e4ivyst\u00e4v\u00e4\u00e4n el\u00e4inl\u00e4\u00e4k\u00e4riin.<\/p>\n\n\n\n<p>\u00c4l\u00e4 julkaise avunpyynt\u00f6j\u00e4 sosiaalisessa mediassa, esim. Facebook-ryhmiss\u00e4. Osittaisten tietojen perusteella tehty tilannearvio voi olla v\u00e4\u00e4r\u00e4, ja lis\u00e4ksi avun saaminen voi suotta viiv\u00e4sty\u00e4.<\/p>\n\n\n\n<p><strong>Lepakoita hoitavien tahojen ja luonnonvaraisten el\u00e4inten neuvojien yhteystietoja l\u00f6ytyy alempana t\u00e4lt\u00e4 sivulta (kohdan 4 j\u00e4lkeen).<\/strong><\/p>\n\n\n\n<p>Arvioi tilanne yhdess\u00e4 luonnonvaraisten el\u00e4inten neuvojan kanssa ja toimi sovitun mukaisesti.<\/p>\n\n\n\n<p>Luonnonvaraisten el\u00e4inten ensihoitaja ei v\u00e4ltt\u00e4m\u00e4tt\u00e4 p\u00e4\u00e4se paikalle. Varaudu lepakon talteen ottamiseen ja kuljettamiseen.<\/p>\n\n\n\n<p><strong>3. Lepakon talteen ottaminen<\/strong><\/p>\n\n\n\n<p>\u00c4l\u00e4 koske lepakkoon paljain k\u00e4sin. Lepakot eiv\u00e4t ole aggressiivisia, mutta h\u00e4diss\u00e4\u00e4n ja kivuissaan ne voivat purra puolustautuakseen. Lepakon puremaan ja raapimiseen liittyy rabiestartunnan riski. Vaikka rabiestartunta on lepakoilla harvinainen, t\u00e4ytyy lepakon siirt\u00e4misess\u00e4 k\u00e4ytt\u00e4\u00e4 esim. nahkahansikkaita ja pyyhett\u00e4.<\/p>\n\n\n\n<p>Jos saat lepakon hoitotoimissa raapaisun tai pureman, on ehdottomasti hakeuduttava l\u00e4\u00e4k\u00e4riin.<\/p>\n\n\n\n<p>Lepakon talteen ottamista varten tarvitaan:<\/p>\n\n\n\n<ul class=\"wp-block-list\">\n<li>Sopiva laatikko (esimerkiksi kenk\u00e4laatikko). Laatikko t\u00e4ytyy saada suljettua tiiviisti, eik\u00e4 siin\u00e4 saa olla yli 0,5 cm kokoisia reiki\u00e4 (joista lepakko p\u00e4\u00e4sisi ry\u00f6mim\u00e4\u00e4n ulos). Laatikossa pit\u00e4\u00e4 olla ilmareiki\u00e4; niit\u00e4 voi tehd\u00e4 kanteen esim. naulalla painelemalla.<\/li>\n\n\n\n<li>(Laatikon pohjalle voi lis\u00e4ksi laittaa sopivan liukuesteen, koska pahvi on lepakolle melko liukas alusta.)<\/li>\n\n\n\n<li>Pyyhe tai vanha T-paita. Esimerkiksi keitti\u00f6pyyhe on sopiva. Kankaan pit\u00e4isi olla melko sile\u00e4\u00e4, koska lepakon kynnet voivat takertua esim. froteepyyhkeen l\u00f6yhiin silmukoihin.<\/li>\n\n\n\n<li>Nahkahansikkaat.<\/li>\n\n\n\n<li>Pieni purkinkansi (esim. s\u00e4ilykepurkin kansi) veden tarjoamista varten.<\/li>\n\n\n\n<li>Tarvittaessa teippi\u00e4 laatikon sulkemista varten.<\/li>\n<\/ul>\n\n\n\n<figure class=\"wp-block-image size-large\"><img loading=\"lazy\" decoding=\"async\" width=\"1024\" height=\"738\" src=\"https:\/\/lepakko.fi\/lepakot\/wp-content\/uploads\/2024\/08\/Lepakkolaatikko-kuva-1-1024x738.jpg\" alt=\"\" class=\"wp-image-152\" srcset=\"https:\/\/lepakko.fi\/lepakot\/wp-content\/uploads\/2024\/08\/Lepakkolaatikko-kuva-1-1024x738.jpg 1024w, https:\/\/lepakko.fi\/lepakot\/wp-content\/uploads\/2024\/08\/Lepakkolaatikko-kuva-1-300x216.jpg 300w, https:\/\/lepakko.fi\/lepakot\/wp-content\/uploads\/2024\/08\/Lepakkolaatikko-kuva-1-768x554.jpg 768w, https:\/\/lepakko.fi\/lepakot\/wp-content\/uploads\/2024\/08\/Lepakkolaatikko-kuva-1-1536x1107.jpg 1536w, https:\/\/lepakko.fi\/lepakot\/wp-content\/uploads\/2024\/08\/Lepakkolaatikko-kuva-1-2048x1476.jpg 2048w, https:\/\/lepakko.fi\/lepakot\/wp-content\/uploads\/2024\/08\/Lepakkolaatikko-kuva-1-1140x822.jpg 1140w\" sizes=\"auto, (max-width: 1024px) 100vw, 1024px\" \/><\/figure>\n\n\n\n<p><em>Kuva: Kenk\u00e4laatikko, joka on valmisteltu lepakon talteen ottamista ja kuljetusta varten. Huomaa kannen rei\u00e4t. (Monissa kenk\u00e4laatikoissa on p\u00e4\u00e4dyss\u00e4 sormen kokoiset rei\u00e4t; ne t\u00e4ytyy sulkea esim. teipill\u00e4.)<\/em><\/p>\n\n\n\n<p>Nosta lepakko keitti\u00f6pyyhkeen tai vanhan T-paidan avulla. Tartu lepakkoon pyyhkeen avulla sel\u00e4n puolelta siten, ett\u00e4 lepakon sivuilla olevat siivet j\u00e4\u00e4v\u00e4t suppuun. Nosta koko paketti (lepakko ja pyyhe) varovasti laatikkoon. Lepakko saattaa pyrki\u00e4 liikkumaan, \u00e4l\u00e4 pel\u00e4sty sit\u00e4. (Muista k\u00e4ytt\u00e4\u00e4 my\u00f6s k\u00e4sineit\u00e4.)<\/p>\n\n\n\n<p>J\u00e4t\u00e4 lepakko l\u00f6yh\u00e4sti pyyhkeen sis\u00e4lle, jotta se tuntee olonsa turvalliseksi.<\/p>\n\n\n\n<p>Aseta purkinkansi laatikkoon yl\u00f6salaisin ja laita siihen noin teelusikallinen vett\u00e4, niin ett\u00e4 lepakolla on mahdollisuus juoda siit\u00e4. \u00c4l\u00e4 laita tarjolle mit\u00e4\u00e4n ruokaa. \u00c4l\u00e4 yrit\u00e4 ruokkia tai k\u00e4sitell\u00e4 lepakkoa.<\/p>\n\n\n\n<p>Laita laatikko rauhalliseen ja h\u00e4m\u00e4r\u00e4\u00e4n paikkaan, jossa on sopiva l\u00e4mp\u00f6tila. Aikuiselle lepakolle huoneenl\u00e4mp\u00f6 yleens\u00e4 riitt\u00e4\u00e4. Poikaselle ja kylmettyneelle lepakolle olisi hyv\u00e4 j\u00e4rjest\u00e4\u00e4 l\u00e4mpim\u00e4mpi paikka (25 &#8211; 35\u00b0C), esim. kylpyhuone, jossa on lattial\u00e4mmitys. Paikka ei saa olla liian kuuma.<\/p>\n\n\n\n<p><strong>4. Lepakon kuljettaminen hoitopaikkaan tai el\u00e4inl\u00e4\u00e4k\u00e4riin<\/strong><\/p>\n\n\n\n<p>Talteen otettu lepakko on kuljetettava mahdollisimman pian (yleens\u00e4 saman p\u00e4iv\u00e4n aikana) joko luonnonel\u00e4inten ensihoitajalle, lepakoiden hoitoon rekister\u00f6ityneeseen hoitopaikkaan tai el\u00e4inl\u00e4\u00e4k\u00e4riin.<\/p>\n\n\n\n<p>Laatikko on suljettava kunnolla ja kiinnitett\u00e4v\u00e4 autossa niin, ett\u00e4 se ei p\u00e4\u00e4se liikkumaan. Lis\u00e4ksi laatikon p\u00e4\u00e4lle on suositeltava kirjoittaa: \u201dSis\u00e4ll\u00e4 el\u00e4v\u00e4 lepakko\u201d.<\/p>\n\n\n\n<p>Tarjolla oleva vesi kannattaa imeytt\u00e4\u00e4 sopivaan kangaspalaan tai meikkisieneen tms.<\/p>\n\n\n\n<p><strong>Lepakoita hoitavien tahojen ja luonnonvaraisten el\u00e4inten neuvojien yhteystietoja l\u00f6yd\u00e4t <a href=\"https:\/\/lepakko.fi\/lepakot\/Aineistot\/Lepakonhoito yhteystietoja 2024.pdf\">T\u00c4ST\u00c4<\/a><\/strong><\/p>\n\n\n\n<p><strong>Tilanteita, jotka useimmiten voi hoitaa omatoimisesti:<\/strong><\/p>\n\n\n\n<ul class=\"wp-block-list\">\n<li><strong>Lepakko on pudonnut sankoon, pesualtaaseen tms. astiaan eik\u00e4 p\u00e4\u00e4se sielt\u00e4 itse pois.<\/strong><\/li>\n<\/ul>\n\n\n\n<p>Kuivaan astiaan pudonneelle lepakolle voi tarjota vett\u00e4 ennen siirtoa (esim. teelusikalla tai t\u00f6lkinkannelta).<\/p>\n\n\n\n<p>Lepakon voi siirt\u00e4\u00e4 nahkahansikkain ja pyyheliinaa apuna k\u00e4ytt\u00e4en niin, ett\u00e4 lepakon saa otteeseensa, pyyheliinan j\u00e4\u00e4dess\u00e4 lepakon ja k\u00e4sien v\u00e4liin. Paras tapa on tarttua lepakkoa sel\u00e4n puolelta siten, ett\u00e4 sen siivet ovat supussa vartalon sivuilla. Lepakko pit\u00e4isi asettaa yl\u00f6s (yli metrin korkeuteen maasta) esim. puunrungolle, jolta lepakko p\u00e4\u00e4see l\u00e4htem\u00e4\u00e4n lentoon.<\/p>\n\n\n\n<p>Joskus lepakon voi siirt\u00e4\u00e4 varovasti kallistamalla sankoa tms. sopivaan paikkaan kallistamalla.<\/p>\n\n\n\n<p>Jos lepakko on m\u00e4rk\u00e4 tai kylmiss\u00e4\u00e4n, siirr\u00e4 se suojaisaan, l\u00e4mpim\u00e4\u00e4n paikkaan, jossa se saa kuivatella ja l\u00e4mmitell\u00e4 ennen lentoon l\u00e4ht\u00f6\u00e4. Jos ulkona ei l\u00f6ydy sopivaa paikkaa, voi lepakon ottaa lyhyeksi ajaksi (enint\u00e4\u00e4n 2 tunniksi) l\u00e4mmittelem\u00e4\u00e4n sopivaan laatikkoon ennen ulos siirtoa (katso ohjeet yll\u00e4 kohdasta 3. \u201dLepakon talteen ottaminen\u201d).<\/p>\n\n\n\n<p>(Jos lepakko on saattanut olla jumissa jo pidemp\u00e4\u00e4n ja\/tai n\u00e4ytt\u00e4\u00e4 huonokuntoiselta, ota yhteytt\u00e4 luonnonvaraisten el\u00e4inten neuvojaan oheisten ohjeiden mukaan.)<\/p>\n\n\n\n<ul class=\"wp-block-list\">\n<li><strong>Lepakko on eksynyt sis\u00e4tiloihin.<\/strong><\/li>\n<\/ul>\n\n\n\n<p>Kes\u00e4ll\u00e4 sis\u00e4lle eksynyt, hyv\u00e4kuntoinen aikuinen lepakko ei v\u00e4ltt\u00e4m\u00e4tt\u00e4 tarvitse muuta apua kuin sopivan reitin ulos. Lepakkoa ei pid\u00e4 h\u00e4tistell\u00e4 liikkeelle. Lepakko saattaa piileskell\u00e4 p\u00e4iv\u00e4n esim. verhojen poimuissa tai taulun takana, ja tulee esiin vasta illan h\u00e4m\u00e4rtyess\u00e4.<\/p>\n\n\n\n<p>Anna siis lepakolle mahdollisuus l\u00e4hte\u00e4 ulos h\u00e4m\u00e4r\u00e4n tultua. S\u00e4\u00e4n pit\u00e4isi kuitenkin olla sopiva (ei myrsky\u00e4 eik\u00e4 rankkasadetta, ja l\u00e4mp\u00f6tila v\u00e4hint\u00e4\u00e4n +5\u00b0C).<\/p>\n\n\n\n<p>Usein riitt\u00e4\u00e4, kun sammuttaa huoneen valot, sulkee kaikki huoneeseen johtavat sis\u00e4ovet ja avaa ikkunat. Lepakot ovat hyvi\u00e4 kaikuluotaajia ja l\u00f6yt\u00e4v\u00e4t ulos ikkunan kautta.<\/p>\n\n\n\n<p>Jos lepakko on lattialla, se kannattaa kuitenkin vied\u00e4 ulos ja asettaa yl\u00f6s puunrungolle tai karhealle talon ulkosein\u00e4lle (katso edelt\u00e4 lepakon siirto-ohjeet).<\/p>\n\n\n\n<p>(Jos lepakko n\u00e4ytt\u00e4\u00e4 huonokuntoiselta, ota yhteytt\u00e4 luonnonvaraisten el\u00e4inten neuvojaan oheisten ohjeiden mukaan.)<\/p>\n\n\n\n<ul class=\"wp-block-list\">\n<li><strong>Lepakko on jo kuollut.<\/strong><\/li>\n<\/ul>\n\n\n\n<p>K\u00e4yt\u00e4 suojahansikkaita, kun k\u00e4sittelet kuollutta lepakkoa.<\/p>\n\n\n\n<p>Kaikki lepakot ovat tiukasti suojeltuja. Edes kuolleena l\u00f6ytynytt\u00e4 lepakkoa ei saa ottaa itselleen ilman siihen my\u00f6nnetty\u00e4 poikkeuslupaa.<\/p>\n\n\n\n<p>Jos lepakko on pilaantunut, sen voi siirt\u00e4\u00e4 vaikka l\u00e4heiseen mets\u00e4\u00e4n, luonnon kiertokulkuun. Lepakon saa my\u00f6s h\u00e4vitt\u00e4\u00e4 sekaj\u00e4tteen\u00e4.<\/p>\n\n\n\n<p>Jos kyseess\u00e4 on hiljattain kuollut lepakko, sen voi vied\u00e4 tai l\u00e4hett\u00e4\u00e4 tutkittavaksi <strong>Ruokavirastoon<\/strong> (Helsingin toimipisteeseen). Kuolleena l\u00f6ydetyt lepakot tutkitaan lepakkoraivotaudin varalta. Tutkimus on ilmainen. K\u00e4\u00e4ri el\u00e4in l\u00f6yh\u00e4sti runsaaseen sanomalehtipaperiin ja pakkaa esim. kenk\u00e4laatikkoon. On suositeltavaa ottaa yhteytt\u00e4 Ruokavirastoon ennen el\u00e4imen toimittamista. L\u00e4hetysohjeita:<\/p>\n\n\n\n<p><a href=\"https:\/\/www.ruokavirasto.fi\/laboratoriopalvelut\/elaintautitutkimukset\/naytteenotto-ohjeet\/villielaimet\">https:\/\/www.ruokavirasto.fi\/laboratoriopalvelut\/elaintautitutkimukset\/naytteenotto-ohjeet\/villielaimet<\/a><\/p>\n\n\n\n<p>Hyv\u00e4kuntoisen kuolleen lepakon voi my\u00f6s toimittaa <strong>el\u00e4inmuseoon<\/strong> (Helsinki, Turku, Kuopio, Oulu). Ota yhteytt\u00e4 ennen vienti\u00e4 tai l\u00e4hett\u00e4mist\u00e4:<\/p>\n\n\n\n<p><a href=\"https:\/\/www.helsinki.fi\/fi\/luomus\/havainnot-ja-seurannat\/ilmoita-luontohavaintosi\/kuollut-elain\">https:\/\/www.helsinki.fi\/fi\/luomus\/havainnot-ja-seurannat\/ilmoita-luontohavaintosi\/kuollut-elain<\/a><\/p>\n\n\n\n<figure class=\"wp-block-embed is-type-wp-embed is-provider-luonnontieteellinen-museo wp-block-embed-luonnontieteellinen-museo\"><div class=\"wp-block-embed__wrapper\">\n<blockquote class=\"wp-embedded-content\" data-secret=\"6BVIOlIStp\"><a href=\"https:\/\/collections.utu.fi\/elainmuseo\/\">El\u00e4inmuseo<\/a><\/blockquote><iframe loading=\"lazy\" class=\"wp-embedded-content\" sandbox=\"allow-scripts\" security=\"restricted\" style=\"position: absolute; visibility: hidden;\" title=\"&#8220;El\u00e4inmuseo&#8221; &#8212; Luonnontieteellinen museo\" src=\"https:\/\/collections.utu.fi\/elainmuseo\/embed\/#?secret=5mbIub6i6Z#?secret=6BVIOlIStp\" data-secret=\"6BVIOlIStp\" width=\"600\" height=\"338\" frameborder=\"0\" marginwidth=\"0\" marginheight=\"0\" scrolling=\"no\"><\/iframe>\n<\/div><\/figure>\n\n\n\n<figure class=\"wp-block-embed is-type-wp-embed is-provider-kuopionluonnontieteellinenmuseo-fi wp-block-embed-kuopionluonnontieteellinenmuseo-fi\"><div class=\"wp-block-embed__wrapper\">\n<blockquote class=\"wp-embedded-content\" data-secret=\"X9lH1ifyor\"><a href=\"https:\/\/kuopionluonnontieteellinenmuseo.fi\/kokoelmat\/elain-kasvi-ja-sieninaytteiden-vastaanotto\/\">El\u00e4in- kasvi- ja sienin\u00e4ytteiden vastaanotto<\/a><\/blockquote><iframe loading=\"lazy\" class=\"wp-embedded-content\" sandbox=\"allow-scripts\" security=\"restricted\" style=\"position: absolute; visibility: hidden;\" title=\"&#8221;El\u00e4in- kasvi- ja sienin\u00e4ytteiden vastaanotto&#8221; &#8212; Kuopionluonnontieteellinenmuseo.fi\" src=\"https:\/\/kuopionluonnontieteellinenmuseo.fi\/kokoelmat\/elain-kasvi-ja-sieninaytteiden-vastaanotto\/embed\/#?secret=gqaSRUHWOw#?secret=X9lH1ifyor\" data-secret=\"X9lH1ifyor\" width=\"600\" height=\"338\" frameborder=\"0\" marginwidth=\"0\" marginheight=\"0\" scrolling=\"no\"><\/iframe>\n<\/div><\/figure>\n\n\n\n<p><a href=\"https:\/\/www.oulu.fi\/fi\/tutkimus\/tutkimusinfrastruktuurit\/biodiversiteettiyksikko\/elainmuseo\">https:\/\/www.oulu.fi\/fi\/tutkimus\/tutkimusinfrastruktuurit\/biodiversiteettiyksikko\/elainmuseo<\/a><\/p>\n","protected":false},"excerpt":{"rendered":"<p>Toimi n\u00e4in, jos olet l\u00f6yt\u00e4nyt lepakon, joka on mahdollisesti avun tarpeessa. 1. Tilannearvio ja ensitoimet Tarkastele lepakkoa ulkoisesti, siihen koskematta. \u00c4l\u00e4 h\u00e4t\u00e4ile. Joissakin tilanteissa voi riitt\u00e4\u00e4 pieni avustaminen kotikonstein. Niist\u00e4 kerrotaan lis\u00e4\u00e4 sivun loppuosassa. Esimerkkej\u00e4 tilanteita, joissa lepakko saattaa tarvita apua: Jos suinkin mahdollista, ota lepakosta muutama valokuva tai video k\u00e4nnykk\u00e4kameralla. Ne auttavat luonnonvaraisten el\u00e4inten neuvojaa tilannearvion tekemisess\u00e4. Suojaa lepakko tarvittaessa heti tilanteen mukaan (esim. siirr\u00e4 kissat ja koirat muualle, ja suojaa lepakko suoralta auringonpaisteelta tai sateelta esim. sateenvarjolla tai nurin p\u00e4in olevalla laatikolla). Tilanteen mukaan voit my\u00f6s jo t\u00e4ss\u00e4 vaiheessa laittaa tarjolle vett\u00e4 lepakon vierelle. Voit esim. laittaa teelusikallisen vett\u00e4 matalalle t\u00f6lkinkannelle tai kastella puhtaan meikkisienen tai pesusienen palan ja asettaa sen sopivan alustan p\u00e4\u00e4lle. 2. Yhteyden ottaminen luonnonvaraisten el\u00e4inten hoitajaan Ota puhelimitse yhteytt\u00e4 l\u00e4hialueen luonnonvaraisten el\u00e4inten neuvojaan tai hoitajaan. J\u00e4t\u00e4 tarvittaessa viesti (puhelinvastaajaan, tekstiviestin\u00e4 tai WhatsApp-viestin\u00e4, ohjeiden mukaan). Huomioi, ett\u00e4 luonnonel\u00e4inten hoitajat ovat yleens\u00e4 vapaaehtoisia yksityishenkil\u00f6it\u00e4. Ty\u00f6 tai levon tarve voi v\u00e4lill\u00e4 est\u00e4\u00e4 puhelimeen vastaamisen. Jos lepakko on pahasti loukkaantunut tai muuten nopean avun tarpeessa (esim. n\u00e4et k\u00e4rp\u00e4sentoukkia tai luunmurtumia), ota suoraan yhteytt\u00e4 alueen kunnalliseen tai p\u00e4ivyst\u00e4v\u00e4\u00e4n el\u00e4inl\u00e4\u00e4k\u00e4riin. \u00c4l\u00e4 julkaise avunpyynt\u00f6j\u00e4 sosiaalisessa mediassa, esim. Facebook-ryhmiss\u00e4. Osittaisten tietojen perusteella tehty tilannearvio voi olla v\u00e4\u00e4r\u00e4, ja lis\u00e4ksi avun saaminen voi suotta viiv\u00e4sty\u00e4. Lepakoita hoitavien tahojen ja luonnonvaraisten el\u00e4inten neuvojien yhteystietoja l\u00f6ytyy alempana t\u00e4lt\u00e4 sivulta (kohdan 4 j\u00e4lkeen). Arvioi tilanne yhdess\u00e4 luonnonvaraisten el\u00e4inten neuvojan kanssa ja toimi sovitun mukaisesti. Luonnonvaraisten el\u00e4inten ensihoitaja ei v\u00e4ltt\u00e4m\u00e4tt\u00e4 p\u00e4\u00e4se paikalle. Varaudu lepakon talteen ottamiseen ja kuljettamiseen. 3. Lepakon talteen ottaminen \u00c4l\u00e4 koske lepakkoon paljain k\u00e4sin. Lepakot eiv\u00e4t ole aggressiivisia, mutta h\u00e4diss\u00e4\u00e4n ja kivuissaan ne voivat purra puolustautuakseen. Lepakon puremaan ja raapimiseen liittyy rabiestartunnan riski. Vaikka rabiestartunta on lepakoilla harvinainen, t\u00e4ytyy lepakon siirt\u00e4misess\u00e4 k\u00e4ytt\u00e4\u00e4 esim. nahkahansikkaita ja pyyhett\u00e4. Jos saat lepakon hoitotoimissa raapaisun tai pureman, on ehdottomasti hakeuduttava l\u00e4\u00e4k\u00e4riin. Lepakon talteen ottamista varten tarvitaan: Kuva: Kenk\u00e4laatikko, joka on valmisteltu lepakon talteen ottamista ja kuljetusta varten. Huomaa kannen rei\u00e4t. (Monissa kenk\u00e4laatikoissa on p\u00e4\u00e4dyss\u00e4 sormen kokoiset rei\u00e4t; ne t\u00e4ytyy sulkea esim. teipill\u00e4.) Nosta lepakko keitti\u00f6pyyhkeen tai vanhan T-paidan avulla. Tartu lepakkoon pyyhkeen avulla sel\u00e4n puolelta siten, ett\u00e4 lepakon sivuilla olevat siivet j\u00e4\u00e4v\u00e4t suppuun. Nosta koko paketti (lepakko ja pyyhe) varovasti laatikkoon. Lepakko saattaa pyrki\u00e4 liikkumaan, \u00e4l\u00e4 pel\u00e4sty sit\u00e4. (Muista k\u00e4ytt\u00e4\u00e4 my\u00f6s k\u00e4sineit\u00e4.) J\u00e4t\u00e4 lepakko l\u00f6yh\u00e4sti pyyhkeen sis\u00e4lle, jotta se tuntee olonsa turvalliseksi. Aseta purkinkansi laatikkoon yl\u00f6salaisin ja laita siihen noin teelusikallinen vett\u00e4, niin ett\u00e4 lepakolla on mahdollisuus juoda siit\u00e4. \u00c4l\u00e4 laita tarjolle mit\u00e4\u00e4n ruokaa. \u00c4l\u00e4 yrit\u00e4 ruokkia tai k\u00e4sitell\u00e4 lepakkoa. Laita laatikko rauhalliseen ja h\u00e4m\u00e4r\u00e4\u00e4n paikkaan, jossa on sopiva l\u00e4mp\u00f6tila. Aikuiselle lepakolle huoneenl\u00e4mp\u00f6 yleens\u00e4 riitt\u00e4\u00e4. Poikaselle ja kylmettyneelle lepakolle olisi hyv\u00e4 j\u00e4rjest\u00e4\u00e4 l\u00e4mpim\u00e4mpi paikka (25 &#8211; 35\u00b0C), esim. kylpyhuone, jossa on lattial\u00e4mmitys. Paikka ei saa olla liian kuuma. 4. Lepakon kuljettaminen hoitopaikkaan tai el\u00e4inl\u00e4\u00e4k\u00e4riin Talteen otettu lepakko on kuljetettava mahdollisimman pian (yleens\u00e4 saman p\u00e4iv\u00e4n aikana) joko luonnonel\u00e4inten ensihoitajalle, lepakoiden hoitoon rekister\u00f6ityneeseen hoitopaikkaan tai el\u00e4inl\u00e4\u00e4k\u00e4riin. Laatikko on suljettava kunnolla ja kiinnitett\u00e4v\u00e4 autossa niin, ett\u00e4 se ei p\u00e4\u00e4se liikkumaan. Lis\u00e4ksi laatikon p\u00e4\u00e4lle on suositeltava kirjoittaa: \u201dSis\u00e4ll\u00e4 el\u00e4v\u00e4 lepakko\u201d. Tarjolla oleva vesi kannattaa imeytt\u00e4\u00e4 sopivaan kangaspalaan tai meikkisieneen tms. Lepakoita hoitavien tahojen ja luonnonvaraisten el\u00e4inten neuvojien yhteystietoja l\u00f6yd\u00e4t T\u00c4ST\u00c4 Tilanteita, jotka useimmiten voi hoitaa omatoimisesti: Kuivaan astiaan pudonneelle lepakolle voi tarjota vett\u00e4 ennen siirtoa (esim. teelusikalla tai t\u00f6lkinkannelta). Lepakon voi siirt\u00e4\u00e4 nahkahansikkain ja pyyheliinaa apuna k\u00e4ytt\u00e4en niin, ett\u00e4 lepakon saa otteeseensa, pyyheliinan j\u00e4\u00e4dess\u00e4 lepakon ja k\u00e4sien v\u00e4liin. Paras tapa on tarttua lepakkoa sel\u00e4n puolelta siten, ett\u00e4 sen siivet ovat supussa vartalon sivuilla. Lepakko pit\u00e4isi asettaa yl\u00f6s (yli metrin korkeuteen maasta) esim. puunrungolle, jolta lepakko p\u00e4\u00e4see l\u00e4htem\u00e4\u00e4n lentoon. Joskus lepakon voi siirt\u00e4\u00e4 varovasti kallistamalla sankoa tms. sopivaan paikkaan kallistamalla. Jos lepakko on m\u00e4rk\u00e4 tai kylmiss\u00e4\u00e4n, siirr\u00e4 se suojaisaan, l\u00e4mpim\u00e4\u00e4n paikkaan, jossa se saa kuivatella ja l\u00e4mmitell\u00e4 ennen lentoon l\u00e4ht\u00f6\u00e4. Jos ulkona ei l\u00f6ydy sopivaa paikkaa, voi lepakon ottaa lyhyeksi ajaksi (enint\u00e4\u00e4n 2 tunniksi) l\u00e4mmittelem\u00e4\u00e4n sopivaan laatikkoon ennen ulos siirtoa (katso ohjeet yll\u00e4 kohdasta 3. \u201dLepakon talteen ottaminen\u201d). (Jos lepakko on saattanut olla jumissa jo pidemp\u00e4\u00e4n ja\/tai n\u00e4ytt\u00e4\u00e4 huonokuntoiselta, ota yhteytt\u00e4 luonnonvaraisten el\u00e4inten neuvojaan oheisten ohjeiden mukaan.) Kes\u00e4ll\u00e4 sis\u00e4lle eksynyt, hyv\u00e4kuntoinen aikuinen lepakko ei v\u00e4ltt\u00e4m\u00e4tt\u00e4 tarvitse muuta apua kuin sopivan reitin ulos. Lepakkoa ei pid\u00e4 h\u00e4tistell\u00e4 liikkeelle. Lepakko saattaa piileskell\u00e4 p\u00e4iv\u00e4n esim. verhojen poimuissa tai taulun takana, ja tulee esiin vasta illan h\u00e4m\u00e4rtyess\u00e4. Anna siis lepakolle mahdollisuus l\u00e4hte\u00e4 ulos h\u00e4m\u00e4r\u00e4n tultua. S\u00e4\u00e4n pit\u00e4isi kuitenkin olla sopiva (ei myrsky\u00e4 eik\u00e4 rankkasadetta, ja l\u00e4mp\u00f6tila v\u00e4hint\u00e4\u00e4n +5\u00b0C). Usein riitt\u00e4\u00e4, kun sammuttaa huoneen valot, sulkee kaikki huoneeseen johtavat sis\u00e4ovet ja avaa ikkunat. Lepakot ovat hyvi\u00e4 kaikuluotaajia ja l\u00f6yt\u00e4v\u00e4t ulos ikkunan kautta. Jos lepakko on lattialla, se kannattaa kuitenkin vied\u00e4 ulos ja asettaa yl\u00f6s puunrungolle tai karhealle talon ulkosein\u00e4lle (katso edelt\u00e4 lepakon siirto-ohjeet). (Jos lepakko n\u00e4ytt\u00e4\u00e4 huonokuntoiselta, ota yhteytt\u00e4 luonnonvaraisten el\u00e4inten neuvojaan oheisten ohjeiden mukaan.) K\u00e4yt\u00e4 suojahansikkaita, kun k\u00e4sittelet kuollutta lepakkoa. Kaikki lepakot ovat tiukasti suojeltuja. Edes kuolleena l\u00f6ytynytt\u00e4 lepakkoa ei saa ottaa itselleen ilman siihen my\u00f6nnetty\u00e4 poikkeuslupaa. Jos lepakko on pilaantunut, sen voi siirt\u00e4\u00e4 vaikka l\u00e4heiseen mets\u00e4\u00e4n, luonnon kiertokulkuun. Lepakon saa my\u00f6s h\u00e4vitt\u00e4\u00e4 sekaj\u00e4tteen\u00e4. Jos kyseess\u00e4 on hiljattain kuollut lepakko, sen voi vied\u00e4 tai l\u00e4hett\u00e4\u00e4 tutkittavaksi Ruokavirastoon (Helsingin toimipisteeseen). Kuolleena l\u00f6ydetyt lepakot tutkitaan lepakkoraivotaudin varalta. Tutkimus on ilmainen. K\u00e4\u00e4ri el\u00e4in l\u00f6yh\u00e4sti runsaaseen sanomalehtipaperiin ja pakkaa esim. kenk\u00e4laatikkoon. On suositeltavaa ottaa yhteytt\u00e4 Ruokavirastoon ennen el\u00e4imen toimittamista. L\u00e4hetysohjeita: https:\/\/www.ruokavirasto.fi\/laboratoriopalvelut\/elaintautitutkimukset\/naytteenotto-ohjeet\/villielaimet Hyv\u00e4kuntoisen kuolleen lepakon voi my\u00f6s toimittaa el\u00e4inmuseoon (Helsinki, Turku, Kuopio, Oulu). Ota yhteytt\u00e4 ennen vienti\u00e4 tai l\u00e4hett\u00e4mist\u00e4: https:\/\/www.helsinki.fi\/fi\/luomus\/havainnot-ja-seurannat\/ilmoita-luontohavaintosi\/kuollut-elain https:\/\/www.oulu.fi\/fi\/tutkimus\/tutkimusinfrastruktuurit\/biodiversiteettiyksikko\/elainmuseo<\/p>\n","protected":false},"author":1,"featured_media":0,"parent":0,"menu_order":0,"comment_status":"closed","ping_status":"closed","template":"","meta":{"footnotes":""},"class_list":["post-140","page","type-page","status-publish","hentry"],"_links":{"self":[{"href":"https:\/\/lepakko.fi\/lepakot\/index.php\/wp-json\/wp\/v2\/pages\/140","targetHints":{"allow":["GET"]}}],"collection":[{"href":"https:\/\/lepakko.fi\/lepakot\/index.php\/wp-json\/wp\/v2\/pages"}],"about":[{"href":"https:\/\/lepakko.fi\/lepakot\/index.php\/wp-json\/wp\/v2\/types\/page"}],"author":[{"embeddable":true,"href":"https:\/\/lepakko.fi\/lepakot\/index.php\/wp-json\/wp\/v2\/users\/1"}],"replies":[{"embeddable":true,"href":"https:\/\/lepakko.fi\/lepakot\/index.php\/wp-json\/wp\/v2\/comments?post=140"}],"version-history":[{"count":3,"href":"https:\/\/lepakko.fi\/lepakot\/index.php\/wp-json\/wp\/v2\/pages\/140\/revisions"}],"predecessor-version":[{"id":154,"href":"https:\/\/lepakko.fi\/lepakot\/index.php\/wp-json\/wp\/v2\/pages\/140\/revisions\/154"}],"wp:attachment":[{"href":"https:\/\/lepakko.fi\/lepakot\/index.php\/wp-json\/wp\/v2\/media?parent=140"}],"curies":[{"name":"wp","href":"https:\/\/api.w.org\/{rel}","templated":true}]}}